{"id":1984,"date":"2025-04-21T11:24:57","date_gmt":"2025-04-21T09:24:57","guid":{"rendered":"https:\/\/fernandoluisbarrio.es\/?page_id=1984"},"modified":"2025-04-21T11:40:31","modified_gmt":"2025-04-21T09:40:31","slug":"politica-de-cookies","status":"publish","type":"page","link":"https:\/\/fernandoluisbarrio.es\/en\/politica-de-cookies\/","title":{"rendered":"Politica de cookies"},"content":{"rendered":"<p>[et_pb_section fb_built=\u00bb1&#8243; admin_label=\u00bbHero Section\u00bb _builder_version=\u00bb4.16&#8243; custom_padding=\u00bb0|0px|0px|0px\u00bb global_colors_info=\u00bb{}\u00bb theme_builder_area=\u00bbpost_content\u00bb][et_pb_row _builder_version=\u00bb4.22.1&#8243; _module_preset=\u00bbdefault\u00bb global_colors_info=\u00bb{}\u00bb theme_builder_area=\u00bbpost_content\u00bb][et_pb_column type=\u00bb4_4&#8243; _builder_version=\u00bb4.22.1&#8243; _module_preset=\u00bbdefault\u00bb global_colors_info=\u00bb{}\u00bb theme_builder_area=\u00bbpost_content\u00bb][et_pb_divider show_divider=\u00bboff\u00bb _builder_version=\u00bb4.22.1&#8243; _module_preset=\u00bbdefault\u00bb global_colors_info=\u00bb{}\u00bb theme_builder_area=\u00bbpost_content\u00bb][\/et_pb_divider][et_pb_divider show_divider=\u00bboff\u00bb _builder_version=\u00bb4.22.1&#8243; _module_preset=\u00bbdefault\u00bb global_colors_info=\u00bb{}\u00bb theme_builder_area=\u00bbpost_content\u00bb][\/et_pb_divider][et_pb_divider show_divider=\u00bboff\u00bb _builder_version=\u00bb4.22.1&#8243; _module_preset=\u00bbdefault\u00bb global_colors_info=\u00bb{}\u00bb theme_builder_area=\u00bbpost_content\u00bb][\/et_pb_divider][et_pb_divider show_divider=\u00bboff\u00bb _builder_version=\u00bb4.22.1&#8243; _module_preset=\u00bbdefault\u00bb global_colors_info=\u00bb{}\u00bb theme_builder_area=\u00bbpost_content\u00bb][\/et_pb_divider][et_pb_text _builder_version=\u00bb4.22.1&#8243; text_font=\u00bbKarla||||||||\u00bb text_font_size=\u00bb18px\u00bb text_line_height=\u00bb1.8em\u00bb header_font=\u00bbCormorant Garamond||||||||\u00bb header_font_size=\u00bb56px\u00bb header_line_height=\u00bb1.4em\u00bb header_2_font=\u00bb||||||||\u00bb header_3_font=\u00bb||||||||\u00bb max_width=\u00bb600px\u00bb custom_margin=\u00bb|-174px||||\u00bb header_font_size_tablet=\u00bb40px\u00bb header_font_size_phone=\u00bb\u00bb header_font_size_last_edited=\u00bbon|tablet\u00bb locked=\u00bboff\u00bb global_colors_info=\u00bb{}\u00bb theme_builder_area=\u00bbpost_content\u00bb]<\/p>\n<h1>Pol\u00edtica de Cookies<\/h1>\n<p>[\/et_pb_text][\/et_pb_column][\/et_pb_row][et_pb_row _builder_version=\u00bb4.22.1&#8243; _module_preset=\u00bbdefault\u00bb global_colors_info=\u00bb{}\u00bb theme_builder_area=\u00bbpost_content\u00bb][et_pb_column type=\u00bb4_4&#8243; _builder_version=\u00bb4.22.1&#8243; _module_preset=\u00bbdefault\u00bb global_colors_info=\u00bb{}\u00bb theme_builder_area=\u00bbpost_content\u00bb][et_pb_text _builder_version=\u00bb4.22.1&#8243; _module_preset=\u00bbdefault\u00bb text_font=\u00bbKarla||||||||\u00bb text_font_size=\u00bb16px\u00bb hover_enabled=\u00bb0&#8243; global_colors_info=\u00bb{}\u00bb theme_builder_area=\u00bbpost_content\u00bb sticky_enabled=\u00bb0&#8243;]<\/p>\n<h3><strong>OBJETO.<\/strong><\/h3>\n<p>Esta Pol\u00edtica de Cookies es parte integrante de las Condiciones de Uso y la Pol\u00edtica de Privacidad de la p\u00e1gina web de JES\u00daS REVILLA RODR\u00cdGUEZ con dominio\u00a0<span> <a href=\"https:\/\/fernandoluisbarrio.es\/en\/\">www.fernandoluisbarrio.es <\/a><\/span>(en adelante, el \u00abSitio Web\u00bb o la \u00abP\u00e1gina Web\u00bb). El acceso y la navegaci\u00f3n en el Sitio Web, o el uso de los servicios del mismo, implican la aceptaci\u00f3n de los t\u00e9rminos y condiciones recogidos en las Condiciones de Uso y en la Pol\u00edtica de Privacidad.<\/p>\n<p>Con el fin de facilitar su navegaci\u00f3n por el Sitio Web, FERNANDO LUIS BARRIO MART\u00cdN (en adelante, \u00abEL PROPIETARIO DE LA WEB\u00bb) con domicilio fiscal en C\/ VILLAR\u00cdAS N\u00ba2, 48001, BILBAO<span>.<\/span><span>\u00a0<\/span>en NIF 14906882F, le comunica que utiliza cookies u otros archivos de funcionalidad similar (en adelante, las \u00abcookies\u00bb).<\/p>\n<p>En este sentido y con el objetivo de garantizar al usuario toda la informaci\u00f3n necesaria para su correcta navegaci\u00f3n, ponemos a disposici\u00f3n del usuario el siguiente texto informativo sobre qu\u00e9 son las cookies, qu\u00e9 tipolog\u00eda de cookies existen en nuestra P\u00e1gina Web y c\u00f3mo es posible configurarlas o deshabilitarlas.<\/p>\n<h3><strong>\u00bfQU\u00c9 SON LAS COOKIES?<\/strong><\/h3>\n<p>Actualmente, todas las p\u00e1ginas Web, independientemente del servicio que presten, utilizan cookies, es decir, guardan una informaci\u00f3n m\u00ednima de la utilizaci\u00f3n realizada por el usuario en la P\u00e1gina Web. Una cookie puede definirse como un peque\u00f1o archivo de texto o dispositivo de uso generalizado que se descarga en el equipo terminal del usuario cuando navega por las p\u00e1ginas Web con la finalidad de almacenar datos que podr\u00e1n ser actualizados y recuperados por la entidad responsable de su instalaci\u00f3n para mejorar la navegaci\u00f3n y la experiencia de usuario.<\/p>\n<h3><strong>TIPOLOG\u00cdA DE COOKIES.<\/strong><\/h3>\n<p>En el presente Sitio Web se utilizan cookies propias y de terceros. Las cookies utilizadas se almacenan en su ordenador durante un tiempo determinado, \u00e9stas pueden considerarse cookies de sesi\u00f3n (si caducan cuando abandona nuestro Sitio Web) o persistentes (si la caducidad de las cookies dura m\u00e1s tiempo). Las cookies utilizadas en la presente p\u00e1gina Web son:<\/p>\n<p><strong>(I) COOKIES \u00abESTRICTAMENTE NECESARIAS\u00bb.<\/strong><\/p>\n<p>Son aquellas cookies consideradas imprescindibles para la navegaci\u00f3n por la P\u00e1gina Web, pues facilitan al usuario la utilizaci\u00f3n de sus prestaciones o herramientas como, por ejemplo, identificar la sesi\u00f3n, acceder a partes de acceso restringido, recordar los elementos que integran un pedido, realizar el proceso de compra de un pedido, entre otros. Sin estas cookies, las funciones mencionadas quedar\u00edan inhabilitadas.<\/p>\n<p><strong>(II) COOKIES SOBRE COMPORTAMIENTO.<\/strong><\/p>\n<p>Son aquellas cookies cuyo objetivo es la recopilaci\u00f3n de informaci\u00f3n relativa a los usos de navegaci\u00f3n del usuario, como por ejemplo las p\u00e1ginas que son m\u00e1s visitadas, los mensajes de error, entre otros, con el objetivo por parte del responsable, de introducir mejoras en la p\u00e1gina Web en base a la informaci\u00f3n recopilada por estas cookies.<\/p>\n<p>La informaci\u00f3n recopilada por estas cookies es an\u00f3nima no pudiendo identificar al usuario personalmente y por lo tanto se utiliza exclusivamente para el correcto funcionamiento de la P\u00e1gina Web.<\/p>\n<p><strong>(III) COOKIES DE FUNCIONALIDAD.<\/strong><\/p>\n<p>Son aquellas cookies que permiten recordar a la p\u00e1gina Web las decisiones que el usuario toma, por ejemplo: se almacenar\u00e1 la ubicaci\u00f3n geogr\u00e1fica del usuario para asegurar que se muestra el sitio Web indicado para su regi\u00f3n, el nombre de usuario, el idioma, el tipo de navegador mediante el cual se accede a la p\u00e1gina Web, entre otros. El objetivo es la prestaci\u00f3n de un servicio m\u00e1s personalizado.<\/p>\n<p>La informaci\u00f3n recopilada por estas cookies es an\u00f3nima no pudiendo identificar al usuario personalmente y por lo tanto se utiliza exclusivamente para el funcionamiento de la p\u00e1gina Web.<\/p>\n<p><strong>(IV) COOKIES DE PERSONALIZACI\u00d3N Y DE PUBLICIDAD.<\/strong><\/p>\n<p>Son aquellas cookies que se utilizan por los operadores publicitarios con el permiso del titular de la p\u00e1gina Web, las cuales recogen informaci\u00f3n sobre las preferencias y elecciones del usuario en su navegaci\u00f3n por sitios Web. Se dirigen a las redes de publicidad quienes las utilizan para luego mostrar al usuario anuncios personalizados en otros sitios Web.<\/p>\n<h3><strong>CUADRO RESUMEN DE COOKIES UTILIZADAS EN EL SITIO WEB<\/strong><\/h3>\n<table>\n<tbody>\n<tr>\n<td width=\"102\"><strong>Cookies<\/strong><\/td>\n<td width=\"239\"><strong>finalidad<\/strong><\/td>\n<td width=\"174\"><strong>Informaci\u00f3n<\/strong><\/td>\n<\/tr>\n<tr>\n<td width=\"102\">Google Analytics<\/td>\n<td width=\"239\">Recopilan informaci\u00f3n an\u00f3nima sobre la navegaci\u00f3n por la web para conocer el origen de las visitas y otros datos estad\u00edsticos.<\/td>\n<td width=\"174\"><a href=\"https:\/\/developers.google.com\/analytics\/devguides\/collection\/analyticsjs\/cookie-usage?hl=es&amp;csw=1\"><strong>Google Analytics Cookie Usage on Websites<\/strong><\/a><\/td>\n<\/tr>\n<tr>\n<td width=\"102\">LuckyOrange<\/td>\n<td width=\"239\">\u00cddem (ocasionalmente)<\/td>\n<td width=\"174\"><\/td>\n<\/tr>\n<tr>\n<td width=\"102\">CrazyEgg<\/td>\n<td width=\"239\">\u00cddem (ocasionalmente)<\/td>\n<td width=\"174\"><\/td>\n<\/tr>\n<tr>\n<td width=\"102\">Optmizely<\/td>\n<td width=\"239\">\u00cddem (ocasionalmente)<\/td>\n<td width=\"174\"><\/td>\n<\/tr>\n<tr>\n<td width=\"102\">Google Adwords<\/td>\n<td width=\"239\">Atribuci\u00f3n de campa\u00f1as SEM<\/td>\n<td width=\"174\"><\/td>\n<\/tr>\n<tr>\n<td width=\"102\">Criteo<\/td>\n<td width=\"239\">Publicidad de retargeting<\/td>\n<td width=\"174\"><\/td>\n<\/tr>\n<tr>\n<td width=\"102\">Netigate<\/td>\n<td width=\"239\">Encuestas<\/td>\n<td width=\"174\"><\/td>\n<\/tr>\n<tr>\n<td width=\"102\">Facebook<\/td>\n<td width=\"239\">Atribuci\u00f3n de campa\u00f1as sociales<\/td>\n<td width=\"174\"><\/td>\n<\/tr>\n<tr>\n<td width=\"102\">BING<\/td>\n<td width=\"239\">Atribuci\u00f3n de campa\u00f1as SEM<\/td>\n<td width=\"174\"><\/td>\n<\/tr>\n<\/tbody>\n<\/table>\n<h3><strong>PROCEDIMIENTO DE OPOSICI\u00d3N A LA INSTALACI\u00d3N DE LAS COOKIES.<\/strong><\/h3>\n<p>La mayor\u00eda de ordenadores aceptan la utilizaci\u00f3n de cookies autom\u00e1ticamente. Sin embargo, el usuario tiene la posibilidad de decidir si mantiene las cookies habilitadas o no en su ordenador. El hecho de deshabilitar las cookies puede implicar la p\u00e9rdida de funcionamiento de la p\u00e1gina Web quedando inhabilitadas algunas de las caracter\u00edsticas o servicios prestados por la misma. Sin embargo, incluso habiendo desactivado todas las cookies el navegador Web recoge determinada informaci\u00f3n esencial para el funcionamiento b\u00e1sico de la P\u00e1gina Web.<\/p>\n<p>El usuario que quiera deshabilitar las cookies puede hacerlo desde la secci\u00f3n de preferencias de su navegador de Internet. Dependiendo del navegador deber\u00e1 de seguir determinados pasos para modificar la configuraci\u00f3n de las cookies en su ordenador:<\/p>\n<ul>\n<li><a href=\"https:\/\/support.google.com\/chrome\/answer\/95647?hl=es\">Chrome<\/a><\/li>\n<li><a href=\"http:\/\/support.apple.com\/kb\/HT1677?viewlocale=es_ES&amp;locale=es_ES\">Safari<\/a><\/li>\n<li><a href=\"http:\/\/support.mozilla.org\/es\/kb\/habilitar-y-deshabilitar-cookies-que-los-sitios-we#w_lcahmo-cambio-la-configuraciahn-de-las-cookies\">Firefox<\/a><\/li>\n<li><a href=\"http:\/\/windows.microsoft.com\/es-419\/windows7\/how-to-manage-cookies-in-internet-explorer-9\">Internet Explorer<\/a><\/li>\n<\/ul>\n<p>Todos los derechos reservados. Cualquier copia, distribuci\u00f3n y\/o reproducci\u00f3n, total o parcial, de los contenidos y\/o del sitio web DEL PROPIETARIO DE LA WEB exigir\u00e1n la autorizaci\u00f3n previa y por escrito DEL PROPIETARIO DE LA WEB.<\/p>\n<p>[\/et_pb_text][\/et_pb_column][\/et_pb_row][\/et_pb_section][et_pb_section fb_built=\u00bb1&#8243; theme_builder_area=\u00bbpost_content\u00bb _builder_version=\u00bb4.22.1&#8243; _module_preset=\u00bbdefault\u00bb background_color=\u00bb#000000&#8243; hover_enabled=\u00bb0&#8243; sticky_enabled=\u00bb0&#8243;][et_pb_row _builder_version=\u00bb4.22.1&#8243; _module_preset=\u00bbdefault\u00bb theme_builder_area=\u00bbpost_content\u00bb column_structure=\u00bb1_3,1_3,1_3&#8243;][et_pb_column _builder_version=\u00bb4.22.1&#8243; _module_preset=\u00bbdefault\u00bb type=\u00bb1_3&#8243; theme_builder_area=\u00bbpost_content\u00bb][et_pb_image src=\u00bbhttps:\/\/fernandoluisbarrio.es\/wp-content\/uploads\/2025\/04\/Mesa-de-trabajo-1.png\u00bb _builder_version=\u00bb4.22.1&#8243; _module_preset=\u00bbdefault\u00bb theme_builder_area=\u00bbpost_content\u00bb title_text=\u00bbMesa de trabajo 1&#8243; hover_enabled=\u00bb0&#8243; sticky_enabled=\u00bb0&#8243; align=\u00bbcenter\u00bb width=\u00bb60%\u00bb max_width=\u00bb74%\u00bb][\/et_pb_image][\/et_pb_column][et_pb_column _builder_version=\u00bb4.22.1&#8243; _module_preset=\u00bbdefault\u00bb type=\u00bb1_3&#8243; theme_builder_area=\u00bbpost_content\u00bb][et_pb_text _builder_version=\u00bb4.22.1&#8243; _module_preset=\u00bbdefault\u00bb theme_builder_area=\u00bbpost_content\u00bb hover_enabled=\u00bb0&#8243; sticky_enabled=\u00bb0&#8243; header_4_font=\u00bbKarla||||||||\u00bb text_font=\u00bbKarla||||||||\u00bb text_font_size=\u00bb15px\u00bb header_4_text_color=\u00bb#FFFFFF\u00bb text_text_color=\u00bb#FFFFFF\u00bb]<\/p>\n<h4 class=\"title\">Information:<\/h4>\n<div class=\"menu-menu-pie-container\">\n<ul id=\"menu-menu-pie\" class=\"menu\">\n<li id=\"menu-item-3440\" class=\"menu-item menu-item-type-post_type menu-item-object-page menu-item-3440\"><a href=\"https:\/\/fernandoluisbarrio.es\/en\/aviso-legal\/\">Legal Notice<\/a><\/li>\n<li id=\"menu-item-3439\" class=\"menu-item menu-item-type-post_type menu-item-object-page menu-item-3439\"><a href=\"https:\/\/fernandoluisbarrio.es\/en\/politica-de-privacidad\/\">Privacy policy<\/a><\/li>\n<li id=\"menu-item-3438\" class=\"menu-item menu-item-type-post_type menu-item-object-page menu-item-3438\"><a href=\"https:\/\/fernandoluisbarrio.es\/en\/politica-de-cookies\/\">Cookie policy<\/a><\/li>\n<\/ul>\n<\/div>\n<p>[\/et_pb_text][\/et_pb_column][et_pb_column _builder_version=\u00bb4.22.1&#8243; _module_preset=\u00bbdefault\u00bb type=\u00bb1_3&#8243; theme_builder_area=\u00bbpost_content\u00bb][et_pb_text _builder_version=\u00bb4.22.1&#8243; _module_preset=\u00bbdefault\u00bb theme_builder_area=\u00bbpost_content\u00bb hover_enabled=\u00bb0&#8243; sticky_enabled=\u00bb0&#8243; header_4_font=\u00bbKarla||||||||\u00bb text_font=\u00bbKarla||||||||\u00bb text_font_size=\u00bb15px\u00bb header_4_text_color=\u00bb#FFFFFF\u00bb text_text_color=\u00bb#FFFFFF\u00bb]<\/p>\n<h4 class=\"title\">Contact:<\/h4>\n<div class=\"menu-menu-pie-container\">\n<ul id=\"menu-menu-pie\" class=\"menu\">\n<li id=\"menu-item-3440\" class=\"menu-item menu-item-type-post_type menu-item-object-page menu-item-3440\">Telephone: 65 78 59 14<\/li>\n<li class=\"menu-item menu-item-type-post_type menu-item-object-page menu-item-3440\">Email: <a href=\"mailto:flb@arquiapro.com\">flb@arquiapro.com<\/a><\/li>\n<li id=\"menu-item-3438\" class=\"menu-item menu-item-type-post_type menu-item-object-page menu-item-3438\"><a href=\"https:\/\/maps.app.goo.gl\/y9pJ2owMMNVP6VWN9\">Address: C\/ Villarias, 2, 48001, Bilbao<\/a><\/li>\n<\/ul>\n<\/div>\n<p>[\/et_pb_text][\/et_pb_column][\/et_pb_row][\/et_pb_section]<\/p>","protected":false},"excerpt":{"rendered":"<p>Pol\u00edtica de CookiesOBJETO. Esta Pol\u00edtica de Cookies es parte integrante de las Condiciones de Uso y la Pol\u00edtica de Privacidad de la p\u00e1gina web de JES\u00daS REVILLA RODR\u00cdGUEZ con dominio\u00a0 www.fernandoluisbarrio.es (en adelante, el \u00abSitio Web\u00bb o la \u00abP\u00e1gina Web\u00bb). El acceso y la navegaci\u00f3n en el Sitio Web, o el uso de los servicios [&hellip;]<\/p>","protected":false},"author":1,"featured_media":0,"parent":0,"menu_order":0,"comment_status":"closed","ping_status":"closed","template":"","meta":{"_et_pb_use_builder":"on","_et_pb_old_content":"","_et_gb_content_width":"","footnotes":""},"class_list":["post-1984","page","type-page","status-publish","hentry"],"yoast_head":"<!-- This site is optimized with the Yoast SEO plugin v25.5 - https:\/\/yoast.com\/wordpress\/plugins\/seo\/ -->\n<title>Politica de cookies - Arquitecto Fernando Luis Barrio<\/title>\n<meta name=\"robots\" content=\"index, follow, max-snippet:-1, max-image-preview:large, max-video-preview:-1\" \/>\n<link rel=\"canonical\" href=\"https:\/\/fernandoluisbarrio.es\/en\/politica-de-cookies\/\" \/>\n<meta property=\"og:locale\" content=\"en_GB\" \/>\n<meta property=\"og:type\" content=\"article\" \/>\n<meta property=\"og:title\" content=\"Politica de cookies - Arquitecto Fernando Luis Barrio\" \/>\n<meta property=\"og:description\" content=\"Pol\u00edtica de CookiesOBJETO. Esta Pol\u00edtica de Cookies es parte integrante de las Condiciones de Uso y la Pol\u00edtica de Privacidad de la p\u00e1gina web de JES\u00daS REVILLA RODR\u00cdGUEZ con dominio\u00a0 www.fernandoluisbarrio.es (en adelante, el \u00abSitio Web\u00bb o la \u00abP\u00e1gina Web\u00bb). El acceso y la navegaci\u00f3n en el Sitio Web, o el uso de los servicios [&hellip;]\" \/>\n<meta property=\"og:url\" content=\"https:\/\/fernandoluisbarrio.es\/en\/politica-de-cookies\/\" \/>\n<meta property=\"og:site_name\" content=\"Arquitecto Fernando Luis Barrio\" \/>\n<meta property=\"article:modified_time\" content=\"2025-04-21T09:40:31+00:00\" \/>\n<meta name=\"twitter:card\" content=\"summary_large_image\" \/>\n<meta name=\"twitter:label1\" content=\"Estimated reading time\" \/>\n\t<meta name=\"twitter:data1\" content=\"7 minutes\" \/>\n<script type=\"application\/ld+json\" class=\"yoast-schema-graph\">{\"@context\":\"https:\/\/schema.org\",\"@graph\":[{\"@type\":\"WebPage\",\"@id\":\"https:\/\/fernandoluisbarrio.es\/politica-de-cookies\/\",\"url\":\"https:\/\/fernandoluisbarrio.es\/politica-de-cookies\/\",\"name\":\"Politica de cookies - Arquitecto Fernando Luis Barrio\",\"isPartOf\":{\"@id\":\"https:\/\/fernandoluisbarrio.es\/#website\"},\"datePublished\":\"2025-04-21T09:24:57+00:00\",\"dateModified\":\"2025-04-21T09:40:31+00:00\",\"breadcrumb\":{\"@id\":\"https:\/\/fernandoluisbarrio.es\/politica-de-cookies\/#breadcrumb\"},\"inLanguage\":\"en-GB\",\"potentialAction\":[{\"@type\":\"ReadAction\",\"target\":[\"https:\/\/fernandoluisbarrio.es\/politica-de-cookies\/\"]}]},{\"@type\":\"BreadcrumbList\",\"@id\":\"https:\/\/fernandoluisbarrio.es\/politica-de-cookies\/#breadcrumb\",\"itemListElement\":[{\"@type\":\"ListItem\",\"position\":1,\"name\":\"Portada\",\"item\":\"https:\/\/fernandoluisbarrio.es\/\"},{\"@type\":\"ListItem\",\"position\":2,\"name\":\"Politica de cookies\"}]},{\"@type\":\"WebSite\",\"@id\":\"https:\/\/fernandoluisbarrio.es\/#website\",\"url\":\"https:\/\/fernandoluisbarrio.es\/\",\"name\":\"Arquitecto Fernando Luis Barrio\",\"description\":\"El arquitecto Fernando Luis Barrio se dedicada a la gesti\u00f3n de proyectos de arquitectura, urbanismo  y dise\u00f1o.\",\"publisher\":{\"@id\":\"https:\/\/fernandoluisbarrio.es\/#\/schema\/person\/1d39aa2aacdae3d8332bee2d0b3c2d4a\"},\"potentialAction\":[{\"@type\":\"SearchAction\",\"target\":{\"@type\":\"EntryPoint\",\"urlTemplate\":\"https:\/\/fernandoluisbarrio.es\/?s={search_term_string}\"},\"query-input\":{\"@type\":\"PropertyValueSpecification\",\"valueRequired\":true,\"valueName\":\"search_term_string\"}}],\"inLanguage\":\"en-GB\"},{\"@type\":[\"Person\",\"Organization\"],\"@id\":\"https:\/\/fernandoluisbarrio.es\/#\/schema\/person\/1d39aa2aacdae3d8332bee2d0b3c2d4a\",\"name\":\"admin\",\"image\":{\"@type\":\"ImageObject\",\"inLanguage\":\"en-GB\",\"@id\":\"https:\/\/fernandoluisbarrio.es\/#\/schema\/person\/image\/\",\"url\":\"https:\/\/fernandoluisbarrio.es\/wp-content\/uploads\/2025\/04\/Mesa-de-trabajo-1.png\",\"contentUrl\":\"https:\/\/fernandoluisbarrio.es\/wp-content\/uploads\/2025\/04\/Mesa-de-trabajo-1.png\",\"width\":2001,\"height\":396,\"caption\":\"admin\"},\"logo\":{\"@id\":\"https:\/\/fernandoluisbarrio.es\/#\/schema\/person\/image\/\"},\"sameAs\":[\"https:\/\/arquitectofernandolu1482.live-website.com\"]}]}<\/script>\n<!-- \/ Yoast SEO plugin. -->","yoast_head_json":{"title":"Politica de cookies - Arquitecto Fernando Luis Barrio","robots":{"index":"index","follow":"follow","max-snippet":"max-snippet:-1","max-image-preview":"max-image-preview:large","max-video-preview":"max-video-preview:-1"},"canonical":"https:\/\/fernandoluisbarrio.es\/en\/politica-de-cookies\/","og_locale":"en_GB","og_type":"article","og_title":"Politica de cookies - Arquitecto Fernando Luis Barrio","og_description":"Pol\u00edtica de CookiesOBJETO. Esta Pol\u00edtica de Cookies es parte integrante de las Condiciones de Uso y la Pol\u00edtica de Privacidad de la p\u00e1gina web de JES\u00daS REVILLA RODR\u00cdGUEZ con dominio\u00a0 www.fernandoluisbarrio.es (en adelante, el \u00abSitio Web\u00bb o la \u00abP\u00e1gina Web\u00bb). El acceso y la navegaci\u00f3n en el Sitio Web, o el uso de los servicios [&hellip;]","og_url":"https:\/\/fernandoluisbarrio.es\/en\/politica-de-cookies\/","og_site_name":"Arquitecto Fernando Luis Barrio","article_modified_time":"2025-04-21T09:40:31+00:00","twitter_card":"summary_large_image","twitter_misc":{"Estimated reading time":"7 minutes"},"schema":{"@context":"https:\/\/schema.org","@graph":[{"@type":"WebPage","@id":"https:\/\/fernandoluisbarrio.es\/politica-de-cookies\/","url":"https:\/\/fernandoluisbarrio.es\/politica-de-cookies\/","name":"Politica de cookies - Arquitecto Fernando Luis Barrio","isPartOf":{"@id":"https:\/\/fernandoluisbarrio.es\/#website"},"datePublished":"2025-04-21T09:24:57+00:00","dateModified":"2025-04-21T09:40:31+00:00","breadcrumb":{"@id":"https:\/\/fernandoluisbarrio.es\/politica-de-cookies\/#breadcrumb"},"inLanguage":"en-GB","potentialAction":[{"@type":"ReadAction","target":["https:\/\/fernandoluisbarrio.es\/politica-de-cookies\/"]}]},{"@type":"BreadcrumbList","@id":"https:\/\/fernandoluisbarrio.es\/politica-de-cookies\/#breadcrumb","itemListElement":[{"@type":"ListItem","position":1,"name":"Portada","item":"https:\/\/fernandoluisbarrio.es\/"},{"@type":"ListItem","position":2,"name":"Politica de cookies"}]},{"@type":"WebSite","@id":"https:\/\/fernandoluisbarrio.es\/#website","url":"https:\/\/fernandoluisbarrio.es\/","name":"Arquitecto Fernando Luis Barrio","description":"El arquitecto Fernando Luis Barrio se dedicada a la gesti\u00f3n de proyectos de arquitectura, urbanismo  y dise\u00f1o.","publisher":{"@id":"https:\/\/fernandoluisbarrio.es\/#\/schema\/person\/1d39aa2aacdae3d8332bee2d0b3c2d4a"},"potentialAction":[{"@type":"SearchAction","target":{"@type":"EntryPoint","urlTemplate":"https:\/\/fernandoluisbarrio.es\/?s={search_term_string}"},"query-input":{"@type":"PropertyValueSpecification","valueRequired":true,"valueName":"search_term_string"}}],"inLanguage":"en-GB"},{"@type":["Person","Organization"],"@id":"https:\/\/fernandoluisbarrio.es\/#\/schema\/person\/1d39aa2aacdae3d8332bee2d0b3c2d4a","name":"admin","image":{"@type":"ImageObject","inLanguage":"en-GB","@id":"https:\/\/fernandoluisbarrio.es\/#\/schema\/person\/image\/","url":"https:\/\/fernandoluisbarrio.es\/wp-content\/uploads\/2025\/04\/Mesa-de-trabajo-1.png","contentUrl":"https:\/\/fernandoluisbarrio.es\/wp-content\/uploads\/2025\/04\/Mesa-de-trabajo-1.png","width":2001,"height":396,"caption":"admin"},"logo":{"@id":"https:\/\/fernandoluisbarrio.es\/#\/schema\/person\/image\/"},"sameAs":["https:\/\/arquitectofernandolu1482.live-website.com"]}]}},"_links":{"self":[{"href":"https:\/\/fernandoluisbarrio.es\/en\/wp-json\/wp\/v2\/pages\/1984","targetHints":{"allow":["GET"]}}],"collection":[{"href":"https:\/\/fernandoluisbarrio.es\/en\/wp-json\/wp\/v2\/pages"}],"about":[{"href":"https:\/\/fernandoluisbarrio.es\/en\/wp-json\/wp\/v2\/types\/page"}],"author":[{"embeddable":true,"href":"https:\/\/fernandoluisbarrio.es\/en\/wp-json\/wp\/v2\/users\/1"}],"replies":[{"embeddable":true,"href":"https:\/\/fernandoluisbarrio.es\/en\/wp-json\/wp\/v2\/comments?post=1984"}],"version-history":[{"count":0,"href":"https:\/\/fernandoluisbarrio.es\/en\/wp-json\/wp\/v2\/pages\/1984\/revisions"}],"wp:attachment":[{"href":"https:\/\/fernandoluisbarrio.es\/en\/wp-json\/wp\/v2\/media?parent=1984"}],"curies":[{"name":"wp","href":"https:\/\/api.w.org\/{rel}","templated":true}]}}