{"id":1977,"date":"2025-04-21T11:22:38","date_gmt":"2025-04-21T09:22:38","guid":{"rendered":"https:\/\/fernandoluisbarrio.es\/?page_id=1977"},"modified":"2025-04-21T11:24:08","modified_gmt":"2025-04-21T09:24:08","slug":"politica-de-privacidad","status":"publish","type":"page","link":"https:\/\/fernandoluisbarrio.es\/en\/politica-de-privacidad\/","title":{"rendered":"Politica de privacidad"},"content":{"rendered":"<p>[et_pb_section fb_built=\u00bb1&#8243; admin_label=\u00bbHero Section\u00bb _builder_version=\u00bb4.16&#8243; custom_padding=\u00bb0|0px|0px|0px\u00bb global_colors_info=\u00bb{}\u00bb theme_builder_area=\u00bbpost_content\u00bb][et_pb_row _builder_version=\u00bb4.22.1&#8243; _module_preset=\u00bbdefault\u00bb global_colors_info=\u00bb{}\u00bb theme_builder_area=\u00bbpost_content\u00bb][et_pb_column type=\u00bb4_4&#8243; _builder_version=\u00bb4.22.1&#8243; _module_preset=\u00bbdefault\u00bb global_colors_info=\u00bb{}\u00bb theme_builder_area=\u00bbpost_content\u00bb][et_pb_divider show_divider=\u00bboff\u00bb _builder_version=\u00bb4.22.1&#8243; _module_preset=\u00bbdefault\u00bb global_colors_info=\u00bb{}\u00bb theme_builder_area=\u00bbpost_content\u00bb][\/et_pb_divider][et_pb_divider show_divider=\u00bboff\u00bb _builder_version=\u00bb4.22.1&#8243; _module_preset=\u00bbdefault\u00bb global_colors_info=\u00bb{}\u00bb theme_builder_area=\u00bbpost_content\u00bb][\/et_pb_divider][et_pb_divider show_divider=\u00bboff\u00bb _builder_version=\u00bb4.22.1&#8243; _module_preset=\u00bbdefault\u00bb global_colors_info=\u00bb{}\u00bb theme_builder_area=\u00bbpost_content\u00bb][\/et_pb_divider][et_pb_divider show_divider=\u00bboff\u00bb _builder_version=\u00bb4.22.1&#8243; _module_preset=\u00bbdefault\u00bb global_colors_info=\u00bb{}\u00bb theme_builder_area=\u00bbpost_content\u00bb][\/et_pb_divider][et_pb_text _builder_version=\u00bb4.22.1&#8243; text_font=\u00bbKarla||||||||\u00bb text_font_size=\u00bb18px\u00bb text_line_height=\u00bb1.8em\u00bb header_font=\u00bbCormorant Garamond||||||||\u00bb header_font_size=\u00bb56px\u00bb header_line_height=\u00bb1.4em\u00bb header_2_font=\u00bb||||||||\u00bb header_3_font=\u00bb||||||||\u00bb max_width=\u00bb600px\u00bb custom_margin=\u00bb|-174px||||\u00bb header_font_size_tablet=\u00bb40px\u00bb header_font_size_phone=\u00bb\u00bb header_font_size_last_edited=\u00bbon|tablet\u00bb locked=\u00bboff\u00bb global_colors_info=\u00bb{}\u00bb theme_builder_area=\u00bbpost_content\u00bb]<\/p>\n<h1>Pol\u00edtica de Privacidad<\/h1>\n<p>[\/et_pb_text][\/et_pb_column][\/et_pb_row][et_pb_row _builder_version=\u00bb4.22.1&#8243; _module_preset=\u00bbdefault\u00bb global_colors_info=\u00bb{}\u00bb theme_builder_area=\u00bbpost_content\u00bb][et_pb_column type=\u00bb4_4&#8243; _builder_version=\u00bb4.22.1&#8243; _module_preset=\u00bbdefault\u00bb global_colors_info=\u00bb{}\u00bb theme_builder_area=\u00bbpost_content\u00bb][et_pb_text _builder_version=\u00bb4.22.1&#8243; _module_preset=\u00bbdefault\u00bb text_font=\u00bbKarla||||||||\u00bb text_font_size=\u00bb16px\u00bb hover_enabled=\u00bb0&#8243; global_colors_info=\u00bb{}\u00bb theme_builder_area=\u00bbpost_content\u00bb sticky_enabled=\u00bb0&#8243;]<\/p>\n<p>En la presente pol\u00edtica de privacidad se regula el uso y utilizaci\u00f3n del sitio web <a href=\"https:\/\/fernandoluisbarrio.es\/en\/\">www.fernandoluisbarrio.es <\/a>del que es titular FERNANDO LUIS BARRIO MARTIN (en adelante, EL PROPIETARIO DE LA WEB)<\/p>\n<p>EL PROPIETARIO DE LA WEB, en cumplimiento de la Ley 34\/2002, de 11 de julio, de Servicios de la Sociedad de la Informaci\u00f3n y de Comercio Electr\u00f3nico, le informa de que:<\/p>\n<ol>\n<ol>\n<ul>\n<li>Su denominaci\u00f3n social es: FERNANDO LUIS BARRIO MARTIN<\/li>\n<li>Su domicilio social est\u00e1 en: C\/ VILLAR\u00cdAS N\u00ba2, 48001, BILBAO<\/li>\n<\/ul>\n<ol start=\"3\"><\/ol>\n<\/ol>\n<\/ol>\n<h3><strong>COMUNICACIONES<\/strong><\/h3>\n<p>Para comunicarse con nosotros, ponemos a su disposici\u00f3n diferentes medios de contacto que detallamos a continuaci\u00f3n:<\/p>\n<ol>\n<ol>\n<ul>\n<li>Tel\u00e9fono: 656 78 59 14<\/li>\n<li>Email: flb@arquiapro.com<\/li>\n<\/ul>\n<\/ol>\n<\/ol>\n<p>Todas las notificaciones y comunicaciones entre los usuarios y PROPIETARIO DE LA WEB se considerar\u00e1n eficaces, a todos los efectos, cuando se realicen a trav\u00e9s de cualquier medio de los detallados anteriormente.<\/p>\n<h3><strong>INFORMACI\u00d3N Y CONSENTIMIENTO.<\/strong><\/h3>\n<p>Mediante la lectura de la presente Pol\u00edtica de Privacidad, el usuario queda informado sobre la forma en la que EL PROPIETARIO DE LA WEB recaba, trata y protege los datos de car\u00e1cter personal que le son facilitados a trav\u00e9s de los formularios dispuestos a trav\u00e9s del sitio web<span> <a href=\"https:\/\/fernandoluisbarrio.es\/en\/\">www.fernandoluisbarrio.es<\/a><\/span><span>\u00a0<\/span>(en adelante, el \u201c<strong>Sitio Web<\/strong>\u201d), as\u00ed como los datos derivados de su navegaci\u00f3n y aquellos otros datos que pueda facilitar en un futuro a el PROPIETARIO DE LA WEB<\/p>\n<p>El usuario debe leer con atenci\u00f3n esta Pol\u00edtica de Privacidad, que ha sido redactada de forma clara y sencilla, para facilitar su comprensi\u00f3n, determinando libre y voluntariamente si desea facilitar sus datos personales a el PROPIETARIO DE LA WEB<\/p>\n<h3><strong>OBLIGATORIEDAD DE FACILITAR LOS DATOS.<\/strong><\/h3>\n<p>Los datos solicitados en los formularios dispuestos en el Sitio Web son, con car\u00e1cter general, obligatorios (salvo que en el campo requerido se especifique lo contrario) para cumplir con las finalidades establecidas.<\/p>\n<p>Por lo tanto, si no se facilitan dichos datos o estos no son correctos no podr\u00e1n atenderse las mismas.<\/p>\n<h3><strong>\u00bfCON QU\u00c9 FINALIDAD TRATAR\u00c1 EL PROPIETARIO DE LA WEB LOS DATOS PERSONALES DEL USUARIO Y DURANTE CU\u00c1NTO TIEMPO?<\/strong><\/h3>\n<p>Los datos personales recabados ser\u00e1n tratados por EL PROPIETARIO DE LA WEB conforme a las siguientes finalidades:<\/p>\n<ol>\n<ol>\n<ul>\n<li>Gestionar sus solicitudes de contacto con EL PROPIETARIO DE LA WEB a trav\u00e9s de los canales dispuestos para ello en el Sitio Web de EL PROPIETARIO DE LA WEB.<\/li>\n<li>Gestionar la suscripci\u00f3n a la newsletter, realizada a trav\u00e9s del canal dispuesto en el Sitio Web de EL PROPIETARIO DE LA WEB si fuera el caso.<\/li>\n<li>Efectuar an\u00e1lisis sobre la utilizaci\u00f3n del Sitio Web y comprobar las preferencias y comportamiento de los usuarios.<\/li>\n<li>Gestionar el env\u00edo de comunicaciones comerciales de EL PROPIETARIO DE LA WEB y del resto de compa\u00f1\u00edas que forman parte de su mismo grupo, salvo que el usuario indique lo contrario marcando la casilla correspondiente, o muestre su oposici\u00f3n a dicho tratamiento.<\/li>\n<\/ul>\n<\/ol>\n<\/ol>\n<p>Los datos se conservar\u00e1n durante el tiempo necesario para la realizaci\u00f3n de las finalidades para las que fueron recabados, salvo que el usuario solicite su baja a EL PROPIETARIO DE LA WEB, oponi\u00e9ndose o revocando su consentimiento.<\/p>\n<h3><strong>\u00bfQU\u00c9 DATOS DEL USUARIO TRATAR\u00c1 EL PROPIETARIO DE LA WEB?<\/strong><\/h3>\n<p>EL PROPIETARIO DE LA WEB\u00a0tratar\u00e1 las siguientes categor\u00edas de datos:<\/p>\n<ol>\n<ol>\n<ul>\n<li>Datos identificativos: FERNANDO LUIS BARRIO MART\u00cdN.<\/li>\n<li>Datos de contacto:<\/li>\n<li>NIF: 71939540 W<\/li>\n<li>Su domicilio en:\u00a0 C\/ VILLAR\u00cdAS, N\u00ba2, 9, 48001, BILBAO.<\/li>\n<\/ul>\n<\/ol>\n<\/ol>\n<p>En caso de que el usuario facilite datos de terceros, manifiesta contar con el consentimiento de los mismos y se compromete a trasladar al interesado, titular de dichos datos, la informaci\u00f3n contenida en la Pol\u00edtica de Privacidad, eximiendo a EL PROPIETARIO DE LA WEB de cualquier responsabilidad en este sentido. No obstante, EL PROPIETARIO DE LA WEB \u00a0podr\u00e1 llevar a cabo las verificaciones necesarias para constatar este hecho, adoptando las medidas de diligencia debida que correspondan, conforme a la normativa de protecci\u00f3n de datos.<\/p>\n<h3><strong>COOKIES, SERVICIOS DE AN\u00c1LISIS WEB Y REDES SOCIALES<\/strong><\/h3>\n<p>No utilizamos cookies, pero SI utilizamos servicios de an\u00e1lisis web y complementos de redes sociales en nuestro sitio web para mejorar tu experiencia de navegaci\u00f3n. Para consultar nuestra pol\u00edtica de cookies, visita el apartado de Pol\u00edtica de Cookies<\/p>\n<h3><strong>CU\u00c1L ES LA LEGITIMACI\u00d3N DEL TRATAMIENTO DE TUS DATOS?<\/strong><\/h3>\n<p>La base legal para el tratamiento de tus datos es el consentimiento que nos facilitas.<\/p>\n<p>El tratamiento de sus datos con fines de marketing, relativo a bienes y servicios propios de EL PROPIETARIO DE LA WEB y servicios an\u00e1logos para sus clientes, se basar\u00e1 en el inter\u00e9s leg\u00edtimo reconocido por la normativa cuando el usuario haya adquirido bienes y\/o servicios de EL PROPIETARIO DE LA WEB. En caso no existir tal relaci\u00f3n contractual, el tratamiento de datos se basar\u00e1 en el consentimiento del usuario recogido en la normativa actual vigente.<\/p>\n<p>El tratamiento para las referidas finalidades, se realizar\u00e1 siempre previo consentimiento del usuario o en base al referido inter\u00e9s leg\u00edtimo, y ser\u00e1 necesario para la atenci\u00f3n de su solicitud. Asimismo, en caso de retirar su consentimiento a cualquiera de los tratamientos, ello no afectar\u00e1 a la licitud de los tratamientos efectuados con anterioridad.<\/p>\n<p>Para revocar dicho consentimiento, el Usuario podr\u00e1 contactar con EL PROPIETARIO DE LA WEB a trav\u00e9s de los canales siguientes: mediante carta dirigida al Departamento de Protecci\u00f3n de Datos de EL PROPIETARIO DE LA WEB en la direcci\u00f3n postal que aparece en el domicilio social o bien mediante correo electr\u00f3nico dirigido a <span><a href=\"mailto:flb@arquiapro.com\">flb@arquiapro.com<\/a><\/span><\/p>\n<h3><strong>\u00bfCON QU\u00c9 DESTINATARIOS SE COMPARTIR\u00c1N LOS DATOS DEL USUARIO?<\/strong><\/h3>\n<p>Los datos del usuario podr\u00e1n ser comunicados a:<\/p>\n<ol>\n<ol>\n<ul>\n<li>Empresas del grupo al que pertenece EL PROPIETARIO DE LA WEB, \u00fanicamente para fines administrativos internos y\/o para las finalidades anteriormente indicadas.<\/li>\n<li>Empresas del grupo al que pertenece EL PROPIETARIO DE LA WEB para el env\u00edo de comunicaciones comerciales sobre los productos y servicios ofertados por las empresas que lo forman, siempre que el Usuario as\u00ed lo haya consentido.<\/li>\n<li>Administraciones P\u00fablicas y autoridades nacionales y\/o europeas competentes, en los casos previstos por la Ley.<\/li>\n<\/ul>\n<\/ol>\n<\/ol>\n<p>Los destinatarios indicados en el presente apartado pueden encontrarse ubicados dentro o fuera del Espacio Econ\u00f3mico Europeo, encontr\u00e1ndose en este \u00faltimo caso debidamente legitimadas las transferencias internacionales de datos.<\/p>\n<h3><strong>RESPONSABILIDAD DEL USUARIO.<\/strong><\/h3>\n<p>El usuario:<\/p>\n<ol>\n<ol>\n<ul>\n<li>Garantiza que es mayor de dieciocho (18) a\u00f1os y que los datos que facilita a EL PROPIETARIO DE LA WEB son verdaderos, exactos, completos y actualizados. A estos efectos, el usuario responde de la veracidad de todos los datos que comunique y mantendr\u00e1 convenientemente actualizada la informaci\u00f3n facilitada, de tal forma que responda a su situaci\u00f3n real.<\/li>\n<li>Garantiza que ha informado a los terceros de los que facilite sus datos, en caso de hacerlo, de los aspectos contenidos en este documento. Asimismo, garantiza que ha obtenido su autorizaci\u00f3n para facilitar sus datos a EL PROPIETARIO DE LA WEB para los fines se\u00f1alados.<\/li>\n<li>Ser\u00e1 responsable de las informaciones falsas o inexactas que proporcione a trav\u00e9s del Sitio Web y de los da\u00f1os y perjuicios, directos o indirectos, que ello cause a EL PROPIETARIO DE LA WEB o a terceros.<\/li>\n<\/ul>\n<\/ol>\n<\/ol>\n<h3><strong>COMUNICACIONES COMERCIALES Y PROMOCIONALES.<\/strong><\/h3>\n<p>Una de las finalidades para las que EL PROPIETARIO DE LA WEB trata los datos personales proporcionados por parte de los usuarios es para remitirles comunicaciones electr\u00f3nicas con informaci\u00f3n relativa a bienes, servicios, promociones, ofertas, eventos o noticias relevantes para los usuarios. Siempre que se realice alguna comunicaci\u00f3n de este tipo, \u00e9sta ser\u00e1 dirigida \u00fanica y exclusivamente a aquellos Usuarios que no hubieran manifestado previamente su negativa a la recepci\u00f3n de las mismas.<\/p>\n<p>Para llevar a cabo la labor anterior, EL PROPIETARIO DE LA WEB podr\u00e1 analizar los datos obtenidos por las entidades que forman del grupo de empresas al que pertenece EL PROPIETARIO DE LA WEB , a fin de elaborar perfiles de usuario que permitan definir con mayor detalle los productos que puedan resultar de su inter\u00e9s.<\/p>\n<p>En caso de que el usuario desee dejar de recibir comunicaciones comerciales o promocionales por parte de EL PROPIETARIO DE LA WEB, puede solicitar la baja del servicio haciendo click sobre el enlace habilitado a tales efectos en el propio cuerpo de dichas comunicaciones comerciales o bien enviando un email a la siguiente direcci\u00f3n de correo electr\u00f3nico:<span> <a href=\"mailto:flb@arquiapro.com\">flb@arquiapro.com <\/a><\/span>as\u00ed como indicando su negativa a la recepci\u00f3n de las mismas, indic\u00e1ndolo mediante la opci\u00f3n de baja proporcionada en cada una de las comunicaciones comerciales enviadas.<\/p>\n<h3><strong>CAMBIOS DE LA POL\u00cdTICA DE PRIVACIDAD.<\/strong><\/h3>\n<p>El usuario puede enviar un escrito a EL PROPIETARIO DE LA WEB, a la direcci\u00f3n indicada en el encabezado de la presente Pol\u00edtica, o bien por medio de un correo electr\u00f3nico a la direcci\u00f3n<span> <a href=\"mailto:flb@arquiapro.com\">flb@arquiapro.com<\/a><\/span><span>\u00a0<\/span>adjuntando fotocopia de su documento de identidad, en cualquier momento y de manera gratuita, para:<\/p>\n<ol>\n<ol>\n<ul>\n<li>Revocar los consentimientos otorgados.<\/li>\n<li>Obtener confirmaci\u00f3n acerca de si en EL PROPIETARIO DE LA WEB se est\u00e1n tratando datos personales que conciernen al Usuario o no.<\/li>\n<li>Acceder a sus datos personales.<\/li>\n<li>Rectificar los datos inexactos o incompletos.<\/li>\n<li>Solicitar la supresi\u00f3n de sus datos cuando, entre otros motivos, los datos ya no sean necesarios para los fines que fueron recogidos.<\/li>\n<li>Obtener de EL PROPIETARIO DE LA WEB la limitaci\u00f3n del tratamiento de los datos cuando se cumpla alguna de las condiciones previstas en la normativa de protecci\u00f3n de datos.<\/li>\n<li>Obtener intervenci\u00f3n humana, a expresar tu punto de vista y a impugnar las decisiones automatizadas a adoptadas por parte de EL PROPIETARIO DE LA WEB.<\/li>\n<li>Solicitar la portabilidad de tus datos.<\/li>\n<li>Ponerse en contacto con el DPO de EL PROPIETARIO DE LA WEB a trav\u00e9s de la siguiente direcci\u00f3n:<span> <a href=\"mailto:flb@arquiapro.com\">flb@arquiapro.com<\/a><\/span><\/li>\n<li>Interponer una reclamaci\u00f3n relativa a la protecci\u00f3n de sus datos personales cuando el interesado considere que EL PROPIETARIO DE LA WEB ha vulnerado los derechos que le son reconocidos por la normativa aplicable en protecci\u00f3n de datos.<\/li>\n<\/ul>\n<\/ol>\n<\/ol>\n<h3><strong>MEDIDAS DE SEGURIDAD.<\/strong><\/h3>\n<p>EL PROPIETARIO DE LA WEB tratar\u00e1 los datos del Usuario en todo momento de forma absolutamente confidencial y guardando el secreto de los mismos, de conformidad con lo previsto en la normativa de aplicaci\u00f3n, adoptando al efecto las medidas de \u00edndole t\u00e9cnico-organizativa necesarias que garanticen la seguridad de sus datos y eviten su alteraci\u00f3n, p\u00e9rdida, tratamiento o acceso no autorizado, habida cuenta del estado de la tecnolog\u00eda, la naturaleza de los datos almacenados y los riesgos a que est\u00e1n expuestos.<\/p>\n<h3><strong>CAMBIOS EN LA POL\u00cdTICA DE PRIVACIDAD<\/strong><\/h3>\n<p>Para garantizar que nuestras directrices de protecci\u00f3n de datos cumplan siempre con los requisitos legales actuales, nos reservamos el derecho de realizar cambios para estar siempre adecuados a la legislaci\u00f3n vigente.<\/p>\n<p>[\/et_pb_text][\/et_pb_column][\/et_pb_row][\/et_pb_section]<\/p>","protected":false},"excerpt":{"rendered":"<p>Pol\u00edtica de PrivacidadEn la presente pol\u00edtica de privacidad se regula el uso y utilizaci\u00f3n del sitio web www.fernandoluisbarrio.es del que es titular FERNANDO LUIS BARRIO MARTIN (en adelante, EL PROPIETARIO DE LA WEB) EL PROPIETARIO DE LA WEB, en cumplimiento de la Ley 34\/2002, de 11 de julio, de Servicios de la Sociedad de la [&hellip;]<\/p>","protected":false},"author":1,"featured_media":0,"parent":0,"menu_order":0,"comment_status":"closed","ping_status":"closed","template":"","meta":{"_et_pb_use_builder":"on","_et_pb_old_content":"","_et_gb_content_width":"","footnotes":""},"class_list":["post-1977","page","type-page","status-publish","hentry"],"yoast_head":"<!-- This site is optimized with the Yoast SEO plugin v25.5 - https:\/\/yoast.com\/wordpress\/plugins\/seo\/ -->\n<title>Politica de privacidad - Arquitecto Fernando Luis Barrio<\/title>\n<meta name=\"robots\" content=\"index, follow, max-snippet:-1, max-image-preview:large, max-video-preview:-1\" \/>\n<link rel=\"canonical\" href=\"https:\/\/fernandoluisbarrio.es\/en\/politica-de-privacidad\/\" \/>\n<meta property=\"og:locale\" content=\"en_GB\" \/>\n<meta property=\"og:type\" content=\"article\" \/>\n<meta property=\"og:title\" content=\"Politica de privacidad - Arquitecto Fernando Luis Barrio\" \/>\n<meta property=\"og:description\" content=\"Pol\u00edtica de PrivacidadEn la presente pol\u00edtica de privacidad se regula el uso y utilizaci\u00f3n del sitio web www.fernandoluisbarrio.es del que es titular FERNANDO LUIS BARRIO MARTIN (en adelante, EL PROPIETARIO DE LA WEB) EL PROPIETARIO DE LA WEB, en cumplimiento de la Ley 34\/2002, de 11 de julio, de Servicios de la Sociedad de la [&hellip;]\" \/>\n<meta property=\"og:url\" content=\"https:\/\/fernandoluisbarrio.es\/en\/politica-de-privacidad\/\" \/>\n<meta property=\"og:site_name\" content=\"Arquitecto Fernando Luis Barrio\" \/>\n<meta property=\"article:modified_time\" content=\"2025-04-21T09:24:08+00:00\" \/>\n<meta name=\"twitter:card\" content=\"summary_large_image\" \/>\n<meta name=\"twitter:label1\" content=\"Estimated reading time\" \/>\n\t<meta name=\"twitter:data1\" content=\"11 minutes\" \/>\n<script type=\"application\/ld+json\" class=\"yoast-schema-graph\">{\"@context\":\"https:\/\/schema.org\",\"@graph\":[{\"@type\":\"WebPage\",\"@id\":\"https:\/\/fernandoluisbarrio.es\/politica-de-privacidad\/\",\"url\":\"https:\/\/fernandoluisbarrio.es\/politica-de-privacidad\/\",\"name\":\"Politica de privacidad - Arquitecto Fernando Luis Barrio\",\"isPartOf\":{\"@id\":\"https:\/\/fernandoluisbarrio.es\/#website\"},\"datePublished\":\"2025-04-21T09:22:38+00:00\",\"dateModified\":\"2025-04-21T09:24:08+00:00\",\"breadcrumb\":{\"@id\":\"https:\/\/fernandoluisbarrio.es\/politica-de-privacidad\/#breadcrumb\"},\"inLanguage\":\"en-GB\",\"potentialAction\":[{\"@type\":\"ReadAction\",\"target\":[\"https:\/\/fernandoluisbarrio.es\/politica-de-privacidad\/\"]}]},{\"@type\":\"BreadcrumbList\",\"@id\":\"https:\/\/fernandoluisbarrio.es\/politica-de-privacidad\/#breadcrumb\",\"itemListElement\":[{\"@type\":\"ListItem\",\"position\":1,\"name\":\"Portada\",\"item\":\"https:\/\/fernandoluisbarrio.es\/\"},{\"@type\":\"ListItem\",\"position\":2,\"name\":\"Politica de privacidad\"}]},{\"@type\":\"WebSite\",\"@id\":\"https:\/\/fernandoluisbarrio.es\/#website\",\"url\":\"https:\/\/fernandoluisbarrio.es\/\",\"name\":\"Arquitecto Fernando Luis Barrio\",\"description\":\"El arquitecto Fernando Luis Barrio se dedicada a la gesti\u00f3n de proyectos de arquitectura, urbanismo  y dise\u00f1o.\",\"publisher\":{\"@id\":\"https:\/\/fernandoluisbarrio.es\/#\/schema\/person\/1d39aa2aacdae3d8332bee2d0b3c2d4a\"},\"potentialAction\":[{\"@type\":\"SearchAction\",\"target\":{\"@type\":\"EntryPoint\",\"urlTemplate\":\"https:\/\/fernandoluisbarrio.es\/?s={search_term_string}\"},\"query-input\":{\"@type\":\"PropertyValueSpecification\",\"valueRequired\":true,\"valueName\":\"search_term_string\"}}],\"inLanguage\":\"en-GB\"},{\"@type\":[\"Person\",\"Organization\"],\"@id\":\"https:\/\/fernandoluisbarrio.es\/#\/schema\/person\/1d39aa2aacdae3d8332bee2d0b3c2d4a\",\"name\":\"admin\",\"image\":{\"@type\":\"ImageObject\",\"inLanguage\":\"en-GB\",\"@id\":\"https:\/\/fernandoluisbarrio.es\/#\/schema\/person\/image\/\",\"url\":\"https:\/\/fernandoluisbarrio.es\/wp-content\/uploads\/2025\/04\/Mesa-de-trabajo-1.png\",\"contentUrl\":\"https:\/\/fernandoluisbarrio.es\/wp-content\/uploads\/2025\/04\/Mesa-de-trabajo-1.png\",\"width\":2001,\"height\":396,\"caption\":\"admin\"},\"logo\":{\"@id\":\"https:\/\/fernandoluisbarrio.es\/#\/schema\/person\/image\/\"},\"sameAs\":[\"https:\/\/arquitectofernandolu1482.live-website.com\"]}]}<\/script>\n<!-- \/ Yoast SEO plugin. -->","yoast_head_json":{"title":"Politica de privacidad - Arquitecto Fernando Luis Barrio","robots":{"index":"index","follow":"follow","max-snippet":"max-snippet:-1","max-image-preview":"max-image-preview:large","max-video-preview":"max-video-preview:-1"},"canonical":"https:\/\/fernandoluisbarrio.es\/en\/politica-de-privacidad\/","og_locale":"en_GB","og_type":"article","og_title":"Politica de privacidad - Arquitecto Fernando Luis Barrio","og_description":"Pol\u00edtica de PrivacidadEn la presente pol\u00edtica de privacidad se regula el uso y utilizaci\u00f3n del sitio web www.fernandoluisbarrio.es del que es titular FERNANDO LUIS BARRIO MARTIN (en adelante, EL PROPIETARIO DE LA WEB) EL PROPIETARIO DE LA WEB, en cumplimiento de la Ley 34\/2002, de 11 de julio, de Servicios de la Sociedad de la [&hellip;]","og_url":"https:\/\/fernandoluisbarrio.es\/en\/politica-de-privacidad\/","og_site_name":"Arquitecto Fernando Luis Barrio","article_modified_time":"2025-04-21T09:24:08+00:00","twitter_card":"summary_large_image","twitter_misc":{"Estimated reading time":"11 minutes"},"schema":{"@context":"https:\/\/schema.org","@graph":[{"@type":"WebPage","@id":"https:\/\/fernandoluisbarrio.es\/politica-de-privacidad\/","url":"https:\/\/fernandoluisbarrio.es\/politica-de-privacidad\/","name":"Politica de privacidad - Arquitecto Fernando Luis Barrio","isPartOf":{"@id":"https:\/\/fernandoluisbarrio.es\/#website"},"datePublished":"2025-04-21T09:22:38+00:00","dateModified":"2025-04-21T09:24:08+00:00","breadcrumb":{"@id":"https:\/\/fernandoluisbarrio.es\/politica-de-privacidad\/#breadcrumb"},"inLanguage":"en-GB","potentialAction":[{"@type":"ReadAction","target":["https:\/\/fernandoluisbarrio.es\/politica-de-privacidad\/"]}]},{"@type":"BreadcrumbList","@id":"https:\/\/fernandoluisbarrio.es\/politica-de-privacidad\/#breadcrumb","itemListElement":[{"@type":"ListItem","position":1,"name":"Portada","item":"https:\/\/fernandoluisbarrio.es\/"},{"@type":"ListItem","position":2,"name":"Politica de privacidad"}]},{"@type":"WebSite","@id":"https:\/\/fernandoluisbarrio.es\/#website","url":"https:\/\/fernandoluisbarrio.es\/","name":"Arquitecto Fernando Luis Barrio","description":"El arquitecto Fernando Luis Barrio se dedicada a la gesti\u00f3n de proyectos de arquitectura, urbanismo  y dise\u00f1o.","publisher":{"@id":"https:\/\/fernandoluisbarrio.es\/#\/schema\/person\/1d39aa2aacdae3d8332bee2d0b3c2d4a"},"potentialAction":[{"@type":"SearchAction","target":{"@type":"EntryPoint","urlTemplate":"https:\/\/fernandoluisbarrio.es\/?s={search_term_string}"},"query-input":{"@type":"PropertyValueSpecification","valueRequired":true,"valueName":"search_term_string"}}],"inLanguage":"en-GB"},{"@type":["Person","Organization"],"@id":"https:\/\/fernandoluisbarrio.es\/#\/schema\/person\/1d39aa2aacdae3d8332bee2d0b3c2d4a","name":"admin","image":{"@type":"ImageObject","inLanguage":"en-GB","@id":"https:\/\/fernandoluisbarrio.es\/#\/schema\/person\/image\/","url":"https:\/\/fernandoluisbarrio.es\/wp-content\/uploads\/2025\/04\/Mesa-de-trabajo-1.png","contentUrl":"https:\/\/fernandoluisbarrio.es\/wp-content\/uploads\/2025\/04\/Mesa-de-trabajo-1.png","width":2001,"height":396,"caption":"admin"},"logo":{"@id":"https:\/\/fernandoluisbarrio.es\/#\/schema\/person\/image\/"},"sameAs":["https:\/\/arquitectofernandolu1482.live-website.com"]}]}},"_links":{"self":[{"href":"https:\/\/fernandoluisbarrio.es\/en\/wp-json\/wp\/v2\/pages\/1977","targetHints":{"allow":["GET"]}}],"collection":[{"href":"https:\/\/fernandoluisbarrio.es\/en\/wp-json\/wp\/v2\/pages"}],"about":[{"href":"https:\/\/fernandoluisbarrio.es\/en\/wp-json\/wp\/v2\/types\/page"}],"author":[{"embeddable":true,"href":"https:\/\/fernandoluisbarrio.es\/en\/wp-json\/wp\/v2\/users\/1"}],"replies":[{"embeddable":true,"href":"https:\/\/fernandoluisbarrio.es\/en\/wp-json\/wp\/v2\/comments?post=1977"}],"version-history":[{"count":0,"href":"https:\/\/fernandoluisbarrio.es\/en\/wp-json\/wp\/v2\/pages\/1977\/revisions"}],"wp:attachment":[{"href":"https:\/\/fernandoluisbarrio.es\/en\/wp-json\/wp\/v2\/media?parent=1977"}],"curies":[{"name":"wp","href":"https:\/\/api.w.org\/{rel}","templated":true}]}}